{"id":913,"date":"2020-04-13T08:18:56","date_gmt":"2020-04-13T08:18:56","guid":{"rendered":"http:\/\/inter.websitedesign.fr\/?page_id=913"},"modified":"2022-11-18T14:56:24","modified_gmt":"2022-11-18T12:56:24","slug":"contact","status":"publish","type":"page","link":"https:\/\/interlignesdeco.fr\/particulier\/contact\/","title":{"rendered":"Contact"},"content":{"rendered":"<div id=\"pl-913\"  class=\"panel-layout\" ><div id=\"pg-913-0\"  class=\"panel-grid panel-no-style\" ><div id=\"pgc-913-0-0\"  class=\"panel-grid-cell panel-grid-cell-empty\" ><\/div><\/div><div id=\"pg-913-1\"  class=\"panel-grid panel-has-style\" ><div class=\"siteorigin-panels-stretch panel-row-style panel-row-style-for-913-1\" data-stretch-type=\"full\" ><div id=\"pgc-913-1-0\"  class=\"panel-grid-cell\" ><div id=\"panel-913-1-0-0\" class=\"so-panel widget widget_sow-headline panel-first-child panel-last-child\" data-index=\"0\" ><div data-aos=\"none\" data-aos-duration=\"800\" class=\"panel-widget-style panel-widget-style-for-913-1-0-0\" ><div\n\t\t\t\n\t\t\tclass=\"so-widget-sow-headline so-widget-sow-headline-default-c4e9306e3640-913\"\n\t\t\t\n\t\t><div class=\"sow-headline-container \">\n\t\t\t\t\t\t\t<h1 class=\"sow-headline\">\n\t\t\t\t\t\tContact\t\t\t\t\t\t<\/h1>\n\t\t\t\t\t\t<\/div>\n<\/div><\/div><\/div><\/div><\/div><\/div><div id=\"pg-913-2\"  class=\"panel-grid panel-no-style\" ><div id=\"pgc-913-2-0\"  class=\"panel-grid-cell\" ><div id=\"panel-913-2-0-0\" class=\"so-panel widget widget_sow-headline panel-first-child\" data-index=\"1\" ><div data-aos=\"none\" data-aos-duration=\"800\" class=\"panel-widget-style panel-widget-style-for-913-2-0-0\" ><div\n\t\t\t\n\t\t\tclass=\"so-widget-sow-headline so-widget-sow-headline-default-c248f35bf126-913\"\n\t\t\t\n\t\t><div class=\"sow-headline-container \">\n\t\t\t\t\t\t\t<h1 class=\"sow-headline\">\n\t\t\t\t\t\tPour nous envoyer un message ou pour toute question :\t\t\t\t\t\t<\/h1>\n\t\t\t\t\t\t<\/div>\n<\/div><\/div><\/div><div id=\"panel-913-2-0-1\" class=\"so-panel widget widget_text\" data-index=\"2\" ><div data-aos=\"none\" data-aos-duration=\"800\" class=\"panel-widget-style panel-widget-style-for-913-2-0-1\" >\t\t\t<div class=\"textwidget\"><p>INTERLIGNES D\u00c9CO<br \/>\n7 rue Gustave Eiffel<br \/>\nZA de Tournebride<br \/>\n44118 LA CHEVROLI\u00c8RE<br \/>\n02 40 33 18 99<\/p>\n<\/div>\n\t\t<\/div><\/div><div id=\"panel-913-2-0-2\" class=\"so-panel widget widget_sow-headline\" data-index=\"3\" ><div data-aos=\"none\" data-aos-duration=\"800\" class=\"panel-widget-style panel-widget-style-for-913-2-0-2\" ><div\n\t\t\t\n\t\t\tclass=\"so-widget-sow-headline so-widget-sow-headline-default-771b70f7f01f-913\"\n\t\t\t\n\t\t><div class=\"sow-headline-container \">\n\t\t\t\t\t\t\t<h2 class=\"sow-headline\">\n\t\t\t\t\t\tPosez votre question !\t\t\t\t\t\t<\/h2>\n\t\t\t\t\t\t<\/div>\n<\/div><\/div><\/div><div id=\"panel-913-2-0-3\" class=\"so-panel widget widget_text panel-last-child\" data-index=\"4\" ><div data-aos=\"none\" data-aos-duration=\"800\" class=\"panel-widget-style panel-widget-style-for-913-2-0-3\" >\t\t\t<div class=\"textwidget\">\n<div class=\"wpcf7 no-js\" id=\"wpcf7-f902-o1\" lang=\"fr-FR\" dir=\"ltr\" data-wpcf7-id=\"902\">\n<div class=\"screen-reader-response\"><p role=\"status\" aria-live=\"polite\" aria-atomic=\"true\"><\/p> <ul><\/ul><\/div>\n<form action=\"\/particulier\/wp-json\/wp\/v2\/pages\/913#wpcf7-f902-o1\" method=\"post\" class=\"wpcf7-form init\" aria-label=\"Formulaire de contact\" novalidate=\"novalidate\" data-status=\"init\">\n<fieldset class=\"hidden-fields-container\"><input type=\"hidden\" name=\"_wpcf7\" value=\"902\" \/><input type=\"hidden\" name=\"_wpcf7_version\" value=\"6.1.4\" \/><input type=\"hidden\" name=\"_wpcf7_locale\" value=\"fr_FR\" \/><input type=\"hidden\" name=\"_wpcf7_unit_tag\" value=\"wpcf7-f902-o1\" \/><input type=\"hidden\" name=\"_wpcf7_container_post\" value=\"0\" \/><input type=\"hidden\" name=\"_wpcf7_posted_data_hash\" value=\"\" \/><input type=\"hidden\" name=\"_wpcf7_recaptcha_response\" value=\"\" \/>\n<\/fieldset>\n<p>Pour mieux vous r\u00e9pondre, les champs suivis de la mention * sont obligatoires.\n<\/p>\n<div class=\"row\">\n\t<div class=\"col-12\">\n\t\t<p><span class=\"wpcf7-form-control-wrap\" data-name=\"textarea-586\"><textarea cols=\"40\" rows=\"10\" maxlength=\"2000\" class=\"wpcf7-form-control wpcf7-textarea wpcf7-validates-as-required\" aria-required=\"true\" aria-invalid=\"false\" placeholder=\"Question ou message *\" name=\"textarea-586\"><\/textarea><\/span>\n\t\t<\/p>\n\t<\/div>\n\t<div class=\"col-6\">\n\t\t<p><span class=\"wpcf7-form-control-wrap\" data-name=\"text-324\"><input size=\"40\" maxlength=\"400\" class=\"wpcf7-form-control wpcf7-text wpcf7-validates-as-required\" aria-required=\"true\" aria-invalid=\"false\" placeholder=\"Nom et pr\u00e9nom *\" value=\"\" type=\"text\" name=\"text-324\" \/><\/span>\n\t\t<\/p>\n\t<\/div>\n\t<div class=\"col-6\">\n\t\t<p><span class=\"wpcf7-form-control-wrap\" data-name=\"email-291\"><input size=\"40\" maxlength=\"400\" class=\"wpcf7-form-control wpcf7-email wpcf7-validates-as-required wpcf7-text wpcf7-validates-as-email\" aria-required=\"true\" aria-invalid=\"false\" placeholder=\"Votre email *\" value=\"\" type=\"email\" name=\"email-291\" \/><\/span>\n\t\t<\/p>\n\t<\/div>\n\t<div class=\"col-6\">\n\t\t<p><span class=\"wpcf7-form-control-wrap\" data-name=\"tel-101\"><input size=\"40\" maxlength=\"400\" class=\"wpcf7-form-control wpcf7-tel wpcf7-text wpcf7-validates-as-tel\" aria-invalid=\"false\" placeholder=\"Votre t\u00e9l\u00e9phone (utile)\" value=\"\" type=\"tel\" name=\"tel-101\" \/><\/span>\n\t\t<\/p>\n\t<\/div>\n\t<div class=\"col-6\">\n\t\t<p><span class=\"wpcf7-form-control-wrap\" data-name=\"text-411\"><input size=\"40\" maxlength=\"400\" class=\"wpcf7-form-control wpcf7-text wpcf7-validates-as-required\" aria-required=\"true\" aria-invalid=\"false\" placeholder=\"Code postal*\" value=\"\" type=\"text\" name=\"text-411\" \/><\/span>\n\t\t<\/p>\n\t<\/div>\n\t<div class=\"col-12\">\n\t\t<p><span class=\"wpcf7-form-control-wrap\" data-name=\"text-47\"><input size=\"40\" maxlength=\"400\" class=\"wpcf7-form-control wpcf7-text wpcf7-validates-as-required\" aria-required=\"true\" aria-invalid=\"false\" placeholder=\"Ville *\" value=\"\" type=\"text\" name=\"text-47\" \/><\/span>\n\t\t<\/p>\n\t<\/div>\n\t<div class=\"col-12\">\n\t\t<p><span class=\"wpcf7-form-control-wrap\" data-name=\"acceptance-606\"><span class=\"wpcf7-form-control wpcf7-acceptance optional\"><span class=\"wpcf7-list-item\"><input type=\"checkbox\" name=\"acceptance-606\" value=\"1\" aria-invalid=\"false\" \/><\/span><\/span><\/span> En soumettant ce formulaire, j\u2019accepte que les informations saisies soient exploit\u00e9es dans le cadre de ce contact et de la relation commerciale qui peut en d\u00e9couler. Je confirme avoir pris connaissance de la page <strong><a href=\"\/particulier\/politique-de-confidentialite\/\">Politique de confidentialit\u00e9<\/a><\/strong>.\n\t\t<\/p>\n\t<\/div>\n\t<div class=\"col-12\">\n\t\t<p style=\"text-align: center;\"><input class=\"wpcf7-form-control wpcf7-submit has-spinner\" type=\"submit\" value=\"Envoi\" \/>\n\t\t<\/p>\n\t<\/div>\n<\/div><input type='hidden' class='wpcf7-pum' value='{\"closepopup\":false,\"closedelay\":0,\"openpopup\":false,\"openpopup_id\":0}' \/><div class=\"wpcf7-response-output\" aria-hidden=\"true\"><\/div>\n<\/form>\n<\/div>\n\n<\/div>\n\t\t<\/div><\/div><\/div><div id=\"pgc-913-2-1\"  class=\"panel-grid-cell\" ><div id=\"panel-913-2-1-0\" class=\"so-panel widget widget_sow-headline panel-first-child\" data-index=\"5\" ><div data-aos=\"none\" data-aos-duration=\"800\" class=\"panel-widget-style panel-widget-style-for-913-2-1-0\" ><div\n\t\t\t\n\t\t\tclass=\"so-widget-sow-headline so-widget-sow-headline-default-0d27a52e7a74-913\"\n\t\t\t\n\t\t><div class=\"sow-headline-container \">\n\t\t\t\t\t\t\t<h2 class=\"sow-headline\">\n\t\t\t\t\t\tChoisissez Interlignes D\u00e9co ! <br \/>le sp\u00e9cialiste du plafond tendu depuis 1988\t\t\t\t\t\t<\/h2>\n\t\t\t\t\t\t<\/div>\n<\/div><\/div><\/div><div id=\"panel-913-2-1-1\" class=\"so-panel widget widget_text\" data-index=\"6\" ><div data-aos=\"none\" data-aos-duration=\"800\" class=\"panel-widget-style panel-widget-style-for-913-2-1-1\" >\t\t\t<div class=\"textwidget\"><p style=\"text-align: center;\">Nantes \u2013Pays-de-la-Loire<\/p>\n<\/div>\n\t\t<\/div><\/div><div id=\"panel-913-2-1-2\" class=\"so-panel widget widget_text\" data-index=\"7\" ><div data-aos=\"none\" data-aos-duration=\"800\" class=\"panel-widget-style panel-widget-style-for-913-2-1-2\" >\t\t\t<div class=\"textwidget\"><ul>\n<li>Pose de plafonds et murs tendus, \u00e0 chaud et \u00e0 froid<\/li>\n<li>R\u00e9novation, d\u00e9g\u00e2ts des eaux et d\u00e9coration<\/li>\n<li>Traitement thermique et phonique<\/li>\n<\/ul>\n<\/div>\n\t\t<\/div><\/div><div id=\"panel-913-2-1-3\" class=\"so-panel widget widget_sow-headline\" data-index=\"8\" ><div data-aos=\"none\" data-aos-duration=\"800\" class=\"panel-widget-style panel-widget-style-for-913-2-1-3\" ><div\n\t\t\t\n\t\t\tclass=\"so-widget-sow-headline so-widget-sow-headline-default-0d27a52e7a74-913\"\n\t\t\t\n\t\t><div class=\"sow-headline-container \">\n\t\t\t\t\t\t\t<h2 class=\"sow-headline\">\n\t\t\t\t\t\tNous avons les solutions !\t\t\t\t\t\t<\/h2>\n\t\t\t\t\t\t<\/div>\n<\/div><\/div><\/div><div id=\"panel-913-2-1-4\" class=\"so-panel widget widget_sow-image panel-last-child\" data-index=\"9\" ><div data-aos=\"none\" data-aos-duration=\"800\" class=\"panel-widget-style panel-widget-style-for-913-2-1-4\" ><div\n\t\t\t\n\t\t\tclass=\"so-widget-sow-image so-widget-sow-image-default-c67d20f9f743-913\"\n\t\t\t\n\t\t>\n<div class=\"sow-image-container\">\n\t\t<img \n\tsrc=\"https:\/\/interlignesdeco.fr\/particulier\/wp-content\/uploads\/2020\/04\/Plafond-tendu-led-en-suspension.jpg\" width=\"450\" height=\"600\" srcset=\"https:\/\/interlignesdeco.fr\/particulier\/wp-content\/uploads\/2020\/04\/Plafond-tendu-led-en-suspension.jpg 450w, https:\/\/interlignesdeco.fr\/particulier\/wp-content\/uploads\/2020\/04\/Plafond-tendu-led-en-suspension-225x300.jpg 225w\" sizes=\"(max-width: 450px) 100vw, 450px\" title=\"Plafond tendu led en suspension\" alt=\"\" \t\tclass=\"so-widget-image\"\/>\n\t<\/div>\n\n<\/div><\/div><\/div><\/div><\/div><div id=\"pg-913-3\"  class=\"panel-grid panel-no-style\" ><div id=\"pgc-913-3-0\"  class=\"panel-grid-cell panel-grid-cell-empty panel-grid-cell-mobile-last\" ><\/div><div id=\"pgc-913-3-1\"  class=\"panel-grid-cell panel-grid-cell-empty\" ><\/div><\/div><\/div>","protected":false},"excerpt":{"rendered":"<p>Contact Pour nous envoyer un message ou pour toute question : INTERLIGNES D\u00c9CO 7 rue Gustave Eiffel ZA de Tournebride&#8230;<\/p>\n","protected":false},"author":1,"featured_media":0,"parent":0,"menu_order":0,"comment_status":"closed","ping_status":"closed","template":"","meta":{"_acf_changed":false,"ngg_post_thumbnail":0,"footnotes":""},"class_list":["post-913","page","type-page","status-publish","hentry"],"acf":[],"_links":{"self":[{"href":"https:\/\/interlignesdeco.fr\/particulier\/wp-json\/wp\/v2\/pages\/913","targetHints":{"allow":["GET"]}}],"collection":[{"href":"https:\/\/interlignesdeco.fr\/particulier\/wp-json\/wp\/v2\/pages"}],"about":[{"href":"https:\/\/interlignesdeco.fr\/particulier\/wp-json\/wp\/v2\/types\/page"}],"author":[{"embeddable":true,"href":"https:\/\/interlignesdeco.fr\/particulier\/wp-json\/wp\/v2\/users\/1"}],"replies":[{"embeddable":true,"href":"https:\/\/interlignesdeco.fr\/particulier\/wp-json\/wp\/v2\/comments?post=913"}],"version-history":[{"count":4,"href":"https:\/\/interlignesdeco.fr\/particulier\/wp-json\/wp\/v2\/pages\/913\/revisions"}],"predecessor-version":[{"id":2392,"href":"https:\/\/interlignesdeco.fr\/particulier\/wp-json\/wp\/v2\/pages\/913\/revisions\/2392"}],"wp:attachment":[{"href":"https:\/\/interlignesdeco.fr\/particulier\/wp-json\/wp\/v2\/media?parent=913"}],"curies":[{"name":"wp","href":"https:\/\/api.w.org\/{rel}","templated":true}]}}